{"id":8,"date":"2023-04-03T13:11:45","date_gmt":"2023-04-03T11:11:45","guid":{"rendered":"https:\/\/dev.signorello.de\/?page_id=8"},"modified":"2025-12-31T17:02:30","modified_gmt":"2025-12-31T16:02:30","slug":"impressum","status":"publish","type":"page","link":"https:\/\/dev.signorello.de\/index.php\/impressum\/","title":{"rendered":"Impressum"},"content":{"rendered":"\n<div class=\"wp-block-group alignwide no-margin-left has-global-padding is-layout-constrained wp-container-core-group-is-layout-03476e6f wp-block-group-is-layout-constrained\">\n<h2 class=\"wp-block-heading has-primary-25-color has-text-color\">Impressum<\/h2>\n\n\n\n<h3 class=\"wp-block-heading has-primary-25-color has-text-color\">Angaben gem\u00e4\u00df \u00a7 5 TMG<\/h3>\n\n\n\n<p class=\"has-primary-25-color has-text-color\">Signorello Sapori<br>Vito Signorello<br>L\u00fctke Gasse 17a<br>48143 M\u00fcnster<br><\/p>\n\n\n\n<h3 class=\"wp-block-heading has-primary-25-color has-text-color\">Kontakt<\/h3>\n\n\n\n<p class=\"has-primary-25-color has-text-color\">Telefon: +49 172 5319085<br>E-Mail: vito@signorello.de<\/p>\n\n\n\n<h3 class=\"wp-block-heading has-primary-25-color has-text-color\">EU-Streitschlichtung<\/h3>\n\n\n\n<p class=\"has-primary-25-color has-text-color\">Die Europ\u00e4ische Kommission stellt eine Plattform zur Online-Streitbeilegung (OS) bereit: <a href=\"https:\/\/ec.europa.eu\/consumers\/odr\/\" target=\"_blank\" rel=\"noreferrer noopener\">https:\/\/ec.europa.eu\/consumers\/odr\/<\/a>.<br>Unsere E-Mail-Adresse finden Sie oben im Impressum.<\/p>\n\n\n\n<h3 class=\"wp-block-heading has-primary-25-color has-text-color\">Verbraucher\u00adstreit\u00adbeilegung\/Universal\u00adschlichtungs\u00adstelle<\/h3>\n\n\n\n<p class=\"has-primary-25-color has-text-color\">Wir sind nicht bereit oder verpflichtet, an Streitbeilegungsverfahren vor einer Verbraucherschlichtungsstelle teilzunehmen.<\/p>\n\n\n\n<div style=\"height:50px\" aria-hidden=\"true\" class=\"wp-block-spacer\"><\/div>\n<\/div>\n","protected":false},"excerpt":{"rendered":"<p>Impressum Angaben gem\u00e4\u00df \u00a7 5 TMG Signorello SaporiVito SignorelloL\u00fctke Gasse 17a48143 M\u00fcnster Kontakt Telefon: +49 172 5319085E-Mail: vito@signorello.de EU-Streitschlichtung Die Europ\u00e4ische Kommission stellt eine Plattform zur Online-Streitbeilegung (OS) bereit: https:\/\/ec.europa.eu\/consumers\/odr\/.Unsere E-Mail-Adresse finden Sie oben im Impressum. Verbraucher\u00adstreit\u00adbeilegung\/Universal\u00adschlichtungs\u00adstelle Wir sind nicht bereit oder verpflichtet, an Streitbeilegungsverfahren vor einer Verbraucherschlichtungsstelle teilzunehmen.<\/p>\n","protected":false},"author":4,"featured_media":0,"parent":0,"menu_order":0,"comment_status":"closed","ping_status":"closed","template":"","meta":{"inline_featured_image":false,"advgb_blocks_editor_width":"","advgb_blocks_columns_visual_guide":"","footnotes":""},"class_list":["post-8","page","type-page","status-publish","hentry"],"yoast_head":"<!-- This site is optimized with the Yoast SEO plugin v26.6 - https:\/\/yoast.com\/wordpress\/plugins\/seo\/ -->\n<title>Impressum - Signorello<\/title>\n<meta name=\"robots\" content=\"index, follow, max-snippet:-1, max-image-preview:large, max-video-preview:-1\" \/>\n<link rel=\"canonical\" href=\"https:\/\/dev.signorello.de\/index.php\/impressum\/\" \/>\n<meta property=\"og:locale\" content=\"de_DE\" \/>\n<meta property=\"og:type\" content=\"article\" \/>\n<meta property=\"og:title\" content=\"Impressum - Signorello\" \/>\n<meta property=\"og:description\" content=\"Impressum Angaben gem\u00e4\u00df \u00a7 5 TMG Signorello SaporiVito SignorelloL\u00fctke Gasse 17a48143 M\u00fcnster Kontakt Telefon: +49 172 5319085E-Mail: vito@signorello.de EU-Streitschlichtung Die Europ\u00e4ische Kommission stellt eine Plattform zur Online-Streitbeilegung (OS) bereit: https:\/\/ec.europa.eu\/consumers\/odr\/.Unsere E-Mail-Adresse finden Sie oben im Impressum. Verbraucher\u00adstreit\u00adbeilegung\/Universal\u00adschlichtungs\u00adstelle Wir sind nicht bereit oder verpflichtet, an Streitbeilegungsverfahren vor einer Verbraucherschlichtungsstelle teilzunehmen.\" \/>\n<meta property=\"og:url\" content=\"https:\/\/dev.signorello.de\/index.php\/impressum\/\" \/>\n<meta property=\"og:site_name\" content=\"Signorello\" \/>\n<meta property=\"article:modified_time\" content=\"2025-12-31T16:02:30+00:00\" \/>\n<meta name=\"twitter:card\" content=\"summary_large_image\" \/>\n<meta name=\"twitter:label1\" content=\"Gesch\u00e4tzte Lesezeit\" \/>\n\t<meta name=\"twitter:data1\" content=\"1\u00a0Minute\" \/>\n<script type=\"application\/ld+json\" class=\"yoast-schema-graph\">{\"@context\":\"https:\/\/schema.org\",\"@graph\":[{\"@type\":\"WebPage\",\"@id\":\"https:\/\/dev.signorello.de\/index.php\/impressum\/\",\"url\":\"https:\/\/dev.signorello.de\/index.php\/impressum\/\",\"name\":\"Impressum - Signorello\",\"isPartOf\":{\"@id\":\"https:\/\/dev.signorello.de\/#website\"},\"datePublished\":\"2023-04-03T11:11:45+00:00\",\"dateModified\":\"2025-12-31T16:02:30+00:00\",\"breadcrumb\":{\"@id\":\"https:\/\/dev.signorello.de\/index.php\/impressum\/#breadcrumb\"},\"inLanguage\":\"de\",\"potentialAction\":[{\"@type\":\"ReadAction\",\"target\":[\"https:\/\/dev.signorello.de\/index.php\/impressum\/\"]}]},{\"@type\":\"BreadcrumbList\",\"@id\":\"https:\/\/dev.signorello.de\/index.php\/impressum\/#breadcrumb\",\"itemListElement\":[{\"@type\":\"ListItem\",\"position\":1,\"name\":\"Startseite\",\"item\":\"https:\/\/dev.signorello.de\/\"},{\"@type\":\"ListItem\",\"position\":2,\"name\":\"Impressum\"}]},{\"@type\":\"WebSite\",\"@id\":\"https:\/\/dev.signorello.de\/#website\",\"url\":\"https:\/\/dev.signorello.de\/\",\"name\":\"Signorello | Feinkost Weine Spirituosen\",\"description\":\"Feinkost | Weine | Spirituosen\",\"publisher\":{\"@id\":\"https:\/\/dev.signorello.de\/#organization\"},\"potentialAction\":[{\"@type\":\"SearchAction\",\"target\":{\"@type\":\"EntryPoint\",\"urlTemplate\":\"https:\/\/dev.signorello.de\/?s={search_term_string}\"},\"query-input\":{\"@type\":\"PropertyValueSpecification\",\"valueRequired\":true,\"valueName\":\"search_term_string\"}}],\"inLanguage\":\"de\"},{\"@type\":\"Organization\",\"@id\":\"https:\/\/dev.signorello.de\/#organization\",\"name\":\"Signorello OHG\",\"url\":\"https:\/\/dev.signorello.de\/\",\"logo\":{\"@type\":\"ImageObject\",\"inLanguage\":\"de\",\"@id\":\"https:\/\/dev.signorello.de\/#\/schema\/logo\/image\/\",\"url\":\"https:\/\/dev.signorello.de\/wp-content\/uploads\/2023\/04\/Signorello-Logo.svg\",\"contentUrl\":\"https:\/\/dev.signorello.de\/wp-content\/uploads\/2023\/04\/Signorello-Logo.svg\",\"width\":\"1024\",\"height\":\"1024\",\"caption\":\"Signorello OHG\"},\"image\":{\"@id\":\"https:\/\/dev.signorello.de\/#\/schema\/logo\/image\/\"}}]}<\/script>\n<!-- \/ Yoast SEO plugin. -->","yoast_head_json":{"title":"Impressum - Signorello","robots":{"index":"index","follow":"follow","max-snippet":"max-snippet:-1","max-image-preview":"max-image-preview:large","max-video-preview":"max-video-preview:-1"},"canonical":"https:\/\/dev.signorello.de\/index.php\/impressum\/","og_locale":"de_DE","og_type":"article","og_title":"Impressum - Signorello","og_description":"Impressum Angaben gem\u00e4\u00df \u00a7 5 TMG Signorello SaporiVito SignorelloL\u00fctke Gasse 17a48143 M\u00fcnster Kontakt Telefon: +49 172 5319085E-Mail: vito@signorello.de EU-Streitschlichtung Die Europ\u00e4ische Kommission stellt eine Plattform zur Online-Streitbeilegung (OS) bereit: https:\/\/ec.europa.eu\/consumers\/odr\/.Unsere E-Mail-Adresse finden Sie oben im Impressum. Verbraucher\u00adstreit\u00adbeilegung\/Universal\u00adschlichtungs\u00adstelle Wir sind nicht bereit oder verpflichtet, an Streitbeilegungsverfahren vor einer Verbraucherschlichtungsstelle teilzunehmen.","og_url":"https:\/\/dev.signorello.de\/index.php\/impressum\/","og_site_name":"Signorello","article_modified_time":"2025-12-31T16:02:30+00:00","twitter_card":"summary_large_image","twitter_misc":{"Gesch\u00e4tzte Lesezeit":"1\u00a0Minute"},"schema":{"@context":"https:\/\/schema.org","@graph":[{"@type":"WebPage","@id":"https:\/\/dev.signorello.de\/index.php\/impressum\/","url":"https:\/\/dev.signorello.de\/index.php\/impressum\/","name":"Impressum - Signorello","isPartOf":{"@id":"https:\/\/dev.signorello.de\/#website"},"datePublished":"2023-04-03T11:11:45+00:00","dateModified":"2025-12-31T16:02:30+00:00","breadcrumb":{"@id":"https:\/\/dev.signorello.de\/index.php\/impressum\/#breadcrumb"},"inLanguage":"de","potentialAction":[{"@type":"ReadAction","target":["https:\/\/dev.signorello.de\/index.php\/impressum\/"]}]},{"@type":"BreadcrumbList","@id":"https:\/\/dev.signorello.de\/index.php\/impressum\/#breadcrumb","itemListElement":[{"@type":"ListItem","position":1,"name":"Startseite","item":"https:\/\/dev.signorello.de\/"},{"@type":"ListItem","position":2,"name":"Impressum"}]},{"@type":"WebSite","@id":"https:\/\/dev.signorello.de\/#website","url":"https:\/\/dev.signorello.de\/","name":"Signorello | Feinkost Weine Spirituosen","description":"Feinkost | Weine | Spirituosen","publisher":{"@id":"https:\/\/dev.signorello.de\/#organization"},"potentialAction":[{"@type":"SearchAction","target":{"@type":"EntryPoint","urlTemplate":"https:\/\/dev.signorello.de\/?s={search_term_string}"},"query-input":{"@type":"PropertyValueSpecification","valueRequired":true,"valueName":"search_term_string"}}],"inLanguage":"de"},{"@type":"Organization","@id":"https:\/\/dev.signorello.de\/#organization","name":"Signorello OHG","url":"https:\/\/dev.signorello.de\/","logo":{"@type":"ImageObject","inLanguage":"de","@id":"https:\/\/dev.signorello.de\/#\/schema\/logo\/image\/","url":"https:\/\/dev.signorello.de\/wp-content\/uploads\/2023\/04\/Signorello-Logo.svg","contentUrl":"https:\/\/dev.signorello.de\/wp-content\/uploads\/2023\/04\/Signorello-Logo.svg","width":"1024","height":"1024","caption":"Signorello OHG"},"image":{"@id":"https:\/\/dev.signorello.de\/#\/schema\/logo\/image\/"}}]}},"coauthors":[],"author_meta":{"author_link":"https:\/\/dev.signorello.de\/index.php\/author\/interfile\/","display_name":"Klaus Kochan"},"relative_dates":{"created":"Posted 3\u00a0Jahren ago","modified":"Updated 4\u00a0Monaten ago"},"absolute_dates":{"created":"Posted on 3. April 2023","modified":"Updated on 31. Dezember 2025"},"absolute_dates_time":{"created":"Posted on 3. April 2023 13:11","modified":"Updated on 31. Dezember 2025 17:02"},"featured_img_caption":"","featured_img":false,"series_order":"","_links":{"self":[{"href":"https:\/\/dev.signorello.de\/index.php\/wp-json\/wp\/v2\/pages\/8","targetHints":{"allow":["GET"]}}],"collection":[{"href":"https:\/\/dev.signorello.de\/index.php\/wp-json\/wp\/v2\/pages"}],"about":[{"href":"https:\/\/dev.signorello.de\/index.php\/wp-json\/wp\/v2\/types\/page"}],"author":[{"embeddable":true,"href":"https:\/\/dev.signorello.de\/index.php\/wp-json\/wp\/v2\/users\/4"}],"replies":[{"embeddable":true,"href":"https:\/\/dev.signorello.de\/index.php\/wp-json\/wp\/v2\/comments?post=8"}],"version-history":[{"count":5,"href":"https:\/\/dev.signorello.de\/index.php\/wp-json\/wp\/v2\/pages\/8\/revisions"}],"predecessor-version":[{"id":326,"href":"https:\/\/dev.signorello.de\/index.php\/wp-json\/wp\/v2\/pages\/8\/revisions\/326"}],"wp:attachment":[{"href":"https:\/\/dev.signorello.de\/index.php\/wp-json\/wp\/v2\/media?parent=8"}],"curies":[{"name":"wp","href":"https:\/\/api.w.org\/{rel}","templated":true}]}}